{"id":810,"date":"2021-12-16T20:31:52","date_gmt":"2021-12-16T20:31:52","guid":{"rendered":"https:\/\/www.mzclean.pl\/?page_id=810"},"modified":"2021-12-19T13:13:47","modified_gmt":"2021-12-19T13:13:47","slug":"dane-firmy","status":"publish","type":"page","link":"https:\/\/www.mzclean.pl\/index.php\/dane-firmy\/","title":{"rendered":"Dane Firmy"},"content":{"rendered":"\n<h3 class=\"has-text-align-center\">Piel\u0119gnacja teren\u00f3w zielonych<\/h3>\n\n\n\n<p><\/p>\n\n\n\n<p class=\"has-text-align-center\">MZclean<br>Bogus\u0142aw Kami\u0144ski<br>796 383 970<\/p>\n\n\n\n<p class=\"has-text-align-center\">Ul Mi\u0144ska 32<br>05-332 Siennica<br>Nip 8221752151<br>MBank 95114020040000300281818961<\/p>\n\n\n\n<p><\/p>\n\n\n\n<h3 class=\"has-text-align-center\">Sprzatanie wewn\u0105trz budynk\u00f3w<\/h3>\n\n\n\n<p><\/p>\n\n\n\n<p class=\"has-text-align-center\">MZserwis<br>Janina Kami\u0144ska\u00a0<br>796 383 970<\/p>\n\n\n\n<p class=\"has-text-align-center\">Ul Mi\u0144ska 32<br>05-332 Siennica\u00a0<br>Nip 8221214175<br>MBank 57114020040000340281818964<\/p>\n\n\n","protected":false},"excerpt":{"rendered":"<p>Piel\u0119gnacja teren\u00f3w zielonych MZcleanBogus\u0142aw Kami\u0144ski796 383 970 Ul Mi\u0144ska 3205-332 SiennicaNip 8221752151MBank 95114020040000300281818961 Sprzatanie wewn\u0105trz budynk\u00f3w MZserwisJanina Kami\u0144ska\u00a0796 383 970 Ul Mi\u0144ska 3205-332 Siennica\u00a0Nip 8221214175MBank 57114020040000340281818964<\/p>\n","protected":false},"author":1,"featured_media":0,"parent":0,"menu_order":0,"comment_status":"closed","ping_status":"closed","template":"","meta":[],"_links":{"self":[{"href":"https:\/\/www.mzclean.pl\/index.php\/wp-json\/wp\/v2\/pages\/810"}],"collection":[{"href":"https:\/\/www.mzclean.pl\/index.php\/wp-json\/wp\/v2\/pages"}],"about":[{"href":"https:\/\/www.mzclean.pl\/index.php\/wp-json\/wp\/v2\/types\/page"}],"author":[{"embeddable":true,"href":"https:\/\/www.mzclean.pl\/index.php\/wp-json\/wp\/v2\/users\/1"}],"replies":[{"embeddable":true,"href":"https:\/\/www.mzclean.pl\/index.php\/wp-json\/wp\/v2\/comments?post=810"}],"version-history":[{"count":10,"href":"https:\/\/www.mzclean.pl\/index.php\/wp-json\/wp\/v2\/pages\/810\/revisions"}],"predecessor-version":[{"id":935,"href":"https:\/\/www.mzclean.pl\/index.php\/wp-json\/wp\/v2\/pages\/810\/revisions\/935"}],"wp:attachment":[{"href":"https:\/\/www.mzclean.pl\/index.php\/wp-json\/wp\/v2\/media?parent=810"}],"curies":[{"name":"wp","href":"https:\/\/api.w.org\/{rel}","templated":true}]}}