{"id":170,"date":"2021-11-03T22:21:19","date_gmt":"2021-11-03T22:21:19","guid":{"rendered":"https:\/\/www.mzclean.pl\/?page_id=170"},"modified":"2021-12-16T17:06:54","modified_gmt":"2021-12-16T17:06:54","slug":"myjka_cisnieniowa","status":"publish","type":"page","link":"https:\/\/www.mzclean.pl\/index.php\/mesmerize\/myjka_cisnieniowa\/","title":{"rendered":"Mycie ci\u015bnieniowe"},"content":{"rendered":"\n<div data-label=\"About\" data-id=\"about--3\" data-export-id=\"about-1\" data-category=\"about\" class=\"about-1 content-section\" id=\"about-3\"><div class=\"gridContainer\"><div class=\"row text-center\"><div class=\"section-title-col\" data-type=\"column\"><h5 class=\"\">MYCIE CI\u015aNIENIOWE<\/h5><h2 class=\"\">Pozbywamy si\u0119 zanieczyszcze\u0144<\/h2><p class=\"lead\">Specjalizujemy si\u0119 w czyszczeniu pod wysokim ci\u015bnieniem wszelkiego rodzaju\npowierzchni: elewacje, obiekty handlowe, podjazdy, boiska sportowe itp.<\/p><p class=\"\"><\/p><div><\/div><p class=\"\"><\/p><div><\/div><p class=\"lead\">Swoje us\u0142ugi kierujemy do klient\u00f3w indywidualnych oraz przedsi\u0119biorc\u00f3w m.in. instytucji u\u017cyteczno\u015bci publicznej, centr handlowych, pub\u00f3w, restauracji i hoteli.<\/p><\/div><\/div><div class=\"row\"><div class=\"button-holder space-bottom space-bottom-small\" data-type=\"column\"><h3 class=\"\">Zadzwo\u0144 ju\u017c dzi\u015b!<\/h3> <a class=\"button green\" href=\"index.pl\/kontakt.php\" target=\"_self\" data-cp-link=\"1\" rel=\"noopener\">796-383-970<\/a><\/div><div class=\"col-xs bottom-xs flexbox image-group-bottom-3-img space-bottom-xs center-xs\"> <img class=\"left-img shadow-large-black\" data-size=\"500x300\" src=\"https:\/\/www.mzclean.pl\/wp-content\/uploads\/2021\/11\/cropped-cropped-cropped-cropped-cropped-myjka_cisnieniowa.jpg\" title=\"cropped-cropped-cropped-cropped-cropped-myjka_cisnieniowa.jpg\" alt=\"\"> <img class=\"center-img shadow-large-black\" data-size=\"500x300\" src=\"https:\/\/www.mzclean.pl\/wp-content\/uploads\/2021\/11\/cropped-myjka_cisnieniowa1-1.jpg\" title=\"cropped-myjka_cisnieniowa1-1.jpg\" alt=\"\"> <img class=\"right-img shadow-large-black\" data-size=\"500x300\" src=\"https:\/\/www.mzclean.pl\/wp-content\/uploads\/2021\/11\/cropped-myjka_cisnieniowa3.jpg\" title=\"cropped-myjka_cisnieniowa3.jpg\" alt=\"\"><\/div><\/div><\/div><\/div>\n\n\n\n<p><\/p>\n","protected":false},"excerpt":{"rendered":"<p>MYCIE CI\u015aNIENIOWE Pozbywamy si\u0119 zanieczyszcze\u0144 Specjalizujemy si\u0119 w czyszczeniu pod wysokim ci\u015bnieniem wszelkiego rodzaju powierzchni: elewacje, obiekty handlowe, podjazdy, boiska sportowe itp. Swoje us\u0142ugi kierujemy do klient\u00f3w indywidualnych oraz przedsi\u0119biorc\u00f3w m.in. instytucji u\u017cyteczno\u015bci publicznej, centr handlowych, pub\u00f3w, restauracji i hoteli. Zadzwo\u0144 ju\u017c dzi\u015b! 796-383-970<\/p>\n","protected":false},"author":1,"featured_media":0,"parent":39,"menu_order":0,"comment_status":"closed","ping_status":"closed","template":"","meta":[],"_links":{"self":[{"href":"https:\/\/www.mzclean.pl\/index.php\/wp-json\/wp\/v2\/pages\/170"}],"collection":[{"href":"https:\/\/www.mzclean.pl\/index.php\/wp-json\/wp\/v2\/pages"}],"about":[{"href":"https:\/\/www.mzclean.pl\/index.php\/wp-json\/wp\/v2\/types\/page"}],"author":[{"embeddable":true,"href":"https:\/\/www.mzclean.pl\/index.php\/wp-json\/wp\/v2\/users\/1"}],"replies":[{"embeddable":true,"href":"https:\/\/www.mzclean.pl\/index.php\/wp-json\/wp\/v2\/comments?post=170"}],"version-history":[{"count":35,"href":"https:\/\/www.mzclean.pl\/index.php\/wp-json\/wp\/v2\/pages\/170\/revisions"}],"predecessor-version":[{"id":712,"href":"https:\/\/www.mzclean.pl\/index.php\/wp-json\/wp\/v2\/pages\/170\/revisions\/712"}],"up":[{"embeddable":true,"href":"https:\/\/www.mzclean.pl\/index.php\/wp-json\/wp\/v2\/pages\/39"}],"wp:attachment":[{"href":"https:\/\/www.mzclean.pl\/index.php\/wp-json\/wp\/v2\/media?parent=170"}],"curies":[{"name":"wp","href":"https:\/\/api.w.org\/{rel}","templated":true}]}}