{"id":156,"date":"2021-11-03T20:30:04","date_gmt":"2021-11-03T20:30:04","guid":{"rendered":"https:\/\/www.mzclean.pl\/?page_id=156"},"modified":"2021-12-03T23:52:18","modified_gmt":"2021-12-03T23:52:18","slug":"sprzatanie","status":"publish","type":"page","link":"https:\/\/www.mzclean.pl\/index.php\/sprzatanie\/","title":{"rendered":"sprzatanie"},"content":{"rendered":"\n<div data-label=\"About\" data-id=\"about--3\" data-export-id=\"about-1\" data-category=\"about\" class=\"about-1 content-section\" id=\"about-3\"><div class=\"gridContainer\"><div class=\"row text-center\"><div class=\"section-title-col\" data-type=\"column\"><h5 class=\"\">SPRZ\u0104TANIE<\/h5><h2 class=\"\">Niezale\u017cnie od tego, czy potrzebujesz pomocy w szorowaniu pod\u0142\u00f3g, czy sprz\u0105taniu szafy, nasza firma mo\u017ce jest do dyspozycji.<\/h2><div class=\"\"><\/div><p class=\"\"><\/p><div class=\"\"><\/div><p class=\"lead\">Jeste\u015bmy dumni z tego, \u017ce jeste\u015bmy firm\u0105 sprz\u0105taj\u0105c\u0105 najwy\u017cszej jako\u015bci, kt\u00f3ra ka\u017cdego dnia zapewnia naszym lojalnym i zadowolonym klientom najwy\u017cszej jako\u015bci profesjonalne us\u0142ugi sprz\u0105tania i wyj\u0105tkow\u0105 obs\u0142ug\u0119 klienta. \nNasze zespo\u0142y wykonuj\u0105 regularne us\u0142ugi sprz\u0105tania dla szerokiego grona klient\u00f3w z r\u00f3\u017cnych bran\u017c. Jeste\u015bmy firm\u0105, kt\u00f3ra jest w stanie zaj\u0105\u0107 si\u0119 wszystkim, od osobistego sprz\u0105tania mieszkania i domu, po sprz\u0105tanie szk\u00f3\u0142, biur i wiele innych.<\/p><\/div><\/div><div class=\"row\"><div class=\"button-holder space-bottom space-bottom-small\" data-type=\"column\"><h3 class=\"\">Zadzwo\u0144 ju\u017c dzi\u015b!<\/h3> <a class=\"button green\" href=\"https:\/\/www.mzclean.pl\/index.pl\/kontakt.php\" target=\"_self\" data-cp-link=\"1\" rel=\"noopener\">796-383-970<\/a><\/div><div class=\"col-xs bottom-xs flexbox image-group-bottom-3-img space-bottom-xs center-xs\"> <img class=\"left-img shadow-large-black\" data-size=\"500x300\" src=\"https:\/\/www.mzclean.pl\/wp-content\/uploads\/2021\/12\/cropped-sprzatanie3.jpg\" title=\"cropped-sprzatanie3.jpg\" alt=\"\"> <img class=\"center-img shadow-large-black\" data-size=\"500x300\" src=\"https:\/\/www.mzclean.pl\/wp-content\/uploads\/2021\/12\/cropped-sprzatanie2.jpg\" title=\"cropped-sprzatanie2.jpg\" alt=\"\"> <img class=\"right-img shadow-large-black\" data-size=\"500x300\" src=\"https:\/\/www.mzclean.pl\/wp-content\/uploads\/2021\/12\/cropped-sprzatanie1.jpg\" title=\"cropped-sprzatanie1.jpg\" alt=\"\"><\/div>\n<\/div>\n<\/div>\n<\/div>\n","protected":false},"excerpt":{"rendered":"<p>SPRZ\u0104TANIE Niezale\u017cnie od tego, czy potrzebujesz pomocy w szorowaniu pod\u0142\u00f3g, czy sprz\u0105taniu szafy, nasza firma mo\u017ce jest do dyspozycji. Jeste\u015bmy dumni z tego, \u017ce jeste\u015bmy firm\u0105 sprz\u0105taj\u0105c\u0105 najwy\u017cszej jako\u015bci, kt\u00f3ra ka\u017cdego dnia zapewnia naszym lojalnym i zadowolonym klientom najwy\u017cszej jako\u015bci profesjonalne us\u0142ugi sprz\u0105tania i wyj\u0105tkow\u0105 obs\u0142ug\u0119 klienta. Nasze zespo\u0142y wykonuj\u0105 regularne us\u0142ugi sprz\u0105tania dla szerokiego&hellip; <br \/> <a class=\"read-more\" href=\"https:\/\/www.mzclean.pl\/index.php\/sprzatanie\/\">Dowiedz si\u0119 wi\u0119cej<\/a><\/p>\n","protected":false},"author":1,"featured_media":0,"parent":0,"menu_order":0,"comment_status":"closed","ping_status":"closed","template":"","meta":[],"_links":{"self":[{"href":"https:\/\/www.mzclean.pl\/index.php\/wp-json\/wp\/v2\/pages\/156"}],"collection":[{"href":"https:\/\/www.mzclean.pl\/index.php\/wp-json\/wp\/v2\/pages"}],"about":[{"href":"https:\/\/www.mzclean.pl\/index.php\/wp-json\/wp\/v2\/types\/page"}],"author":[{"embeddable":true,"href":"https:\/\/www.mzclean.pl\/index.php\/wp-json\/wp\/v2\/users\/1"}],"replies":[{"embeddable":true,"href":"https:\/\/www.mzclean.pl\/index.php\/wp-json\/wp\/v2\/comments?post=156"}],"version-history":[{"count":7,"href":"https:\/\/www.mzclean.pl\/index.php\/wp-json\/wp\/v2\/pages\/156\/revisions"}],"predecessor-version":[{"id":667,"href":"https:\/\/www.mzclean.pl\/index.php\/wp-json\/wp\/v2\/pages\/156\/revisions\/667"}],"wp:attachment":[{"href":"https:\/\/www.mzclean.pl\/index.php\/wp-json\/wp\/v2\/media?parent=156"}],"curies":[{"name":"wp","href":"https:\/\/api.w.org\/{rel}","templated":true}]}}